{"id":2503,"date":"2025-01-08T14:03:57","date_gmt":"2025-01-08T13:03:57","guid":{"rendered":"https:\/\/troyes-tos-triathlon.fr\/?page_id=2503"},"modified":"2025-03-28T12:59:20","modified_gmt":"2025-03-28T11:59:20","slug":"entrainements","status":"publish","type":"page","link":"https:\/\/troyes-tos-triathlon.fr\/?page_id=2503","title":{"rendered":"Entra\u00eenements"},"content":{"rendered":"\t\t<div data-elementor-type=\"wp-page\" data-elementor-id=\"2503\" class=\"elementor elementor-2503\">\n\t\t\t\t\t\t<div class=\"elementor-inner\">\n\t\t\t\t<div class=\"elementor-section-wrap\">\n\t\t\t\t\t\t\t\t\t<section class=\"elementor-section elementor-top-section elementor-element elementor-element-1d06d0c elementor-section-boxed elementor-section-height-default elementor-section-height-default\" data-id=\"1d06d0c\" data-element_type=\"section\">\n\t\t\t\t\t\t<div class=\"elementor-container elementor-column-gap-default\">\n\t\t\t\t\t\t\t<div class=\"elementor-row\">\n\t\t\t\t\t<div class=\"elementor-column elementor-col-33 elementor-top-column elementor-element elementor-element-85c23dd\" data-id=\"85c23dd\" data-element_type=\"column\">\n\t\t\t<div class=\"elementor-column-wrap\">\n\t\t\t\t\t\t\t<div class=\"elementor-widget-wrap\">\n\t\t\t\t\t\t\t\t<\/div>\n\t\t\t\t\t<\/div>\n\t\t<\/div>\n\t\t\t\t<div class=\"elementor-column elementor-col-33 elementor-top-column elementor-element elementor-element-07c99d3\" data-id=\"07c99d3\" data-element_type=\"column\">\n\t\t\t<div class=\"elementor-column-wrap elementor-element-populated\">\n\t\t\t\t\t\t\t<div class=\"elementor-widget-wrap\">\n\t\t\t\t\t\t<div class=\"elementor-element elementor-element-d3050aa elementor-widget elementor-widget-popularis-text-block\" data-id=\"d3050aa\" data-element_type=\"widget\" data-widget_type=\"popularis-text-block.default\">\n\t\t\t\t<div class=\"elementor-widget-container\">\n\t\t\t<div class=\"popularis_extra_adv_text_block \" ><div class=\"text-content-block\"><p style=\"text-align: center\"><span style=\"font-weight: 400\">Faire partie d\u2019un club, c'est aussi partager des moments conviviales en s'entra\u00eenant en groupe. Le TOS TRIATHLON propose plusieurs s\u00e9ances d'entra\u00eenement encadr\u00e9es tout au long de l'ann\u00e9e. D\u00e9butant ou triathl\u00e8te confirm\u00e9, chaque s\u00e9ance s'adapte \u00e0 tous les niveaux et vous permettra d'accomplir vos objectifs sportifs.\u00a0<\/span><\/p><\/div><\/div>\t\t<\/div>\n\t\t\t\t<\/div>\n\t\t\t\t\t\t<\/div>\n\t\t\t\t\t<\/div>\n\t\t<\/div>\n\t\t\t\t<div class=\"elementor-column elementor-col-33 elementor-top-column elementor-element elementor-element-fe4586f\" data-id=\"fe4586f\" data-element_type=\"column\">\n\t\t\t<div class=\"elementor-column-wrap\">\n\t\t\t\t\t\t\t<div class=\"elementor-widget-wrap\">\n\t\t\t\t\t\t\t\t<\/div>\n\t\t\t\t\t<\/div>\n\t\t<\/div>\n\t\t\t\t\t\t\t\t<\/div>\n\t\t\t\t\t<\/div>\n\t\t<\/section>\n\t\t\t\t<section class=\"elementor-section elementor-top-section elementor-element elementor-element-eab69e6 elementor-section-boxed elementor-section-height-default elementor-section-height-default\" data-id=\"eab69e6\" data-element_type=\"section\">\n\t\t\t\t\t\t<div class=\"elementor-container elementor-column-gap-default\">\n\t\t\t\t\t\t\t<div class=\"elementor-row\">\n\t\t\t\t\t<div class=\"elementor-column elementor-col-100 elementor-top-column elementor-element elementor-element-aa966e8\" data-id=\"aa966e8\" data-element_type=\"column\">\n\t\t\t<div class=\"elementor-column-wrap elementor-element-populated\">\n\t\t\t\t\t\t\t<div class=\"elementor-widget-wrap\">\n\t\t\t\t\t\t<div class=\"elementor-element elementor-element-75b311b elementor-widget elementor-widget-spacer\" data-id=\"75b311b\" data-element_type=\"widget\" data-widget_type=\"spacer.default\">\n\t\t\t\t<div class=\"elementor-widget-container\">\n\t\t\t\t\t<div class=\"elementor-spacer\">\n\t\t\t<div class=\"elementor-spacer-inner\"><\/div>\n\t\t<\/div>\n\t\t\t\t<\/div>\n\t\t\t\t<\/div>\n\t\t\t\t\t\t<\/div>\n\t\t\t\t\t<\/div>\n\t\t<\/div>\n\t\t\t\t\t\t\t\t<\/div>\n\t\t\t\t\t<\/div>\n\t\t<\/section>\n\t\t\t\t<section class=\"elementor-section elementor-top-section elementor-element elementor-element-912bd89 elementor-section-boxed elementor-section-height-default elementor-section-height-default\" data-id=\"912bd89\" data-element_type=\"section\">\n\t\t\t\t\t\t<div class=\"elementor-container elementor-column-gap-default\">\n\t\t\t\t\t\t\t<div class=\"elementor-row\">\n\t\t\t\t\t<div class=\"elementor-column elementor-col-100 elementor-top-column elementor-element elementor-element-6c12906\" data-id=\"6c12906\" data-element_type=\"column\">\n\t\t\t<div class=\"elementor-column-wrap elementor-element-populated\">\n\t\t\t\t\t\t\t<div class=\"elementor-widget-wrap\">\n\t\t\t\t\t\t<div class=\"elementor-element elementor-element-b823b91 elementor-widget elementor-widget-heading\" data-id=\"b823b91\" data-element_type=\"widget\" data-widget_type=\"heading.default\">\n\t\t\t\t<div class=\"elementor-widget-container\">\n\t\t\t<h2 class=\"elementor-heading-title elementor-size-default\">NATATION<\/h2>\t\t<\/div>\n\t\t\t\t<\/div>\n\t\t\t\t\t\t<\/div>\n\t\t\t\t\t<\/div>\n\t\t<\/div>\n\t\t\t\t\t\t\t\t<\/div>\n\t\t\t\t\t<\/div>\n\t\t<\/section>\n\t\t\t\t<section class=\"elementor-section elementor-top-section elementor-element elementor-element-1db77d8 elementor-section-boxed elementor-section-height-default elementor-section-height-default\" data-id=\"1db77d8\" data-element_type=\"section\">\n\t\t\t\t\t\t<div class=\"elementor-container elementor-column-gap-default\">\n\t\t\t\t\t\t\t<div class=\"elementor-row\">\n\t\t\t\t\t<div class=\"elementor-column elementor-col-50 elementor-top-column elementor-element elementor-element-baf4a1a\" data-id=\"baf4a1a\" data-element_type=\"column\">\n\t\t\t<div class=\"elementor-column-wrap elementor-element-populated\">\n\t\t\t\t\t\t\t<div class=\"elementor-widget-wrap\">\n\t\t\t\t\t\t<div class=\"elementor-element elementor-element-6df22c8 elementor-widget elementor-widget-image\" data-id=\"6df22c8\" data-element_type=\"widget\" data-widget_type=\"image.default\">\n\t\t\t\t<div class=\"elementor-widget-container\">\n\t\t\t\t\t\t\t\t<div class=\"elementor-image\">\n\t\t\t\t\t\t\t\t\t\t\t\t<img loading=\"lazy\" decoding=\"async\" width=\"1024\" height=\"1024\" src=\"https:\/\/troyes-tos-triathlon.fr\/wp-content\/uploads\/2025\/01\/2-1024x1024.png\" class=\"attachment-large size-large\" alt=\"\" srcset=\"https:\/\/troyes-tos-triathlon.fr\/wp-content\/uploads\/2025\/01\/2-1024x1024.png 1024w, https:\/\/troyes-tos-triathlon.fr\/wp-content\/uploads\/2025\/01\/2-300x300.png 300w, https:\/\/troyes-tos-triathlon.fr\/wp-content\/uploads\/2025\/01\/2-150x150.png 150w, https:\/\/troyes-tos-triathlon.fr\/wp-content\/uploads\/2025\/01\/2-768x768.png 768w, https:\/\/troyes-tos-triathlon.fr\/wp-content\/uploads\/2025\/01\/2.png 1080w\" sizes=\"auto, (max-width: 1024px) 100vw, 1024px\" \/>\t\t\t\t\t\t\t\t\t\t\t\t\t\t<\/div>\n\t\t\t\t\t\t<\/div>\n\t\t\t\t<\/div>\n\t\t\t\t\t\t<\/div>\n\t\t\t\t\t<\/div>\n\t\t<\/div>\n\t\t\t\t<div class=\"elementor-column elementor-col-50 elementor-top-column elementor-element elementor-element-e9dd209\" data-id=\"e9dd209\" data-element_type=\"column\">\n\t\t\t<div class=\"elementor-column-wrap elementor-element-populated\">\n\t\t\t\t\t\t\t<div class=\"elementor-widget-wrap\">\n\t\t\t\t\t\t<div class=\"elementor-element elementor-element-0f69b37 elementor-widget elementor-widget-popularis-text-block\" data-id=\"0f69b37\" data-element_type=\"widget\" data-widget_type=\"popularis-text-block.default\">\n\t\t\t\t<div class=\"elementor-widget-container\">\n\t\t\t<div class=\"popularis_extra_adv_text_block \" ><div class=\"text-content-block\"><p><span style=\"font-weight: 400\">Votre licence vous donne acc\u00e8s \u00e0 la piscine des Chartreux \u00e0 Troyes, sur des cr\u00e9neaux privatis\u00e9s.\u00a0<\/span><span style=\"font-weight: 400\"><br \/><\/span><\/p><ul><li style=\"font-weight: 400\"><strong>de 12h \u00e0 13h45, du lundi au vendredi, s\u00e9ance libre\u00a0<\/strong><\/li><li style=\"font-weight: 400\"><strong>de 19h \u00e0 20h, le lundi soir, s\u00e9ance encadr\u00e9e*<\/strong><\/li><li style=\"font-weight: 400\"><strong>de 8h00 \u00e0 9h15, le jeudi matin, s\u00e9ance libre<\/strong><\/li><li><strong>de 12h \u00e0 13h45, le samedi midi, s\u00e9ance encadr\u00e9e*<\/strong><\/li><\/ul><p><span style=\"font-weight: 400\">*Les s\u00e9ances encadr\u00e9es sont pr\u00e9par\u00e9es par nos coachs b\u00e9n\u00e9voles pour am\u00e9liorer votre vitesse, endurance, technique de nage, etc.\u00a0<\/span><\/p><p><span style=\"font-weight: 400\">Au retour des beaux jours, des s\u00e9ances collectives de natation en eau libre sont parfois organis\u00e9es au lac de Lusigny-sur-Barse.<\/span><\/p><\/div><\/div>\t\t<\/div>\n\t\t\t\t<\/div>\n\t\t\t\t\t\t<\/div>\n\t\t\t\t\t<\/div>\n\t\t<\/div>\n\t\t\t\t\t\t\t\t<\/div>\n\t\t\t\t\t<\/div>\n\t\t<\/section>\n\t\t\t\t<section class=\"elementor-section elementor-top-section elementor-element elementor-element-ab8951a elementor-section-boxed elementor-section-height-default elementor-section-height-default\" data-id=\"ab8951a\" data-element_type=\"section\">\n\t\t\t\t\t\t<div class=\"elementor-container elementor-column-gap-default\">\n\t\t\t\t\t\t\t<div class=\"elementor-row\">\n\t\t\t\t\t<div class=\"elementor-column elementor-col-100 elementor-top-column elementor-element elementor-element-532baf6\" data-id=\"532baf6\" data-element_type=\"column\">\n\t\t\t<div class=\"elementor-column-wrap elementor-element-populated\">\n\t\t\t\t\t\t\t<div class=\"elementor-widget-wrap\">\n\t\t\t\t\t\t<div class=\"elementor-element elementor-element-cf30166 elementor-widget elementor-widget-heading\" data-id=\"cf30166\" data-element_type=\"widget\" data-widget_type=\"heading.default\">\n\t\t\t\t<div class=\"elementor-widget-container\">\n\t\t\t<h2 class=\"elementor-heading-title elementor-size-default\">V\u00c9LO<\/h2>\t\t<\/div>\n\t\t\t\t<\/div>\n\t\t\t\t\t\t<\/div>\n\t\t\t\t\t<\/div>\n\t\t<\/div>\n\t\t\t\t\t\t\t\t<\/div>\n\t\t\t\t\t<\/div>\n\t\t<\/section>\n\t\t\t\t<section class=\"elementor-section elementor-top-section elementor-element elementor-element-0fce439 elementor-section-boxed elementor-section-height-default elementor-section-height-default\" data-id=\"0fce439\" data-element_type=\"section\">\n\t\t\t\t\t\t<div class=\"elementor-container elementor-column-gap-default\">\n\t\t\t\t\t\t\t<div class=\"elementor-row\">\n\t\t\t\t\t<div class=\"elementor-column elementor-col-50 elementor-top-column elementor-element elementor-element-e783bea\" data-id=\"e783bea\" data-element_type=\"column\">\n\t\t\t<div class=\"elementor-column-wrap elementor-element-populated\">\n\t\t\t\t\t\t\t<div class=\"elementor-widget-wrap\">\n\t\t\t\t\t\t<div class=\"elementor-element elementor-element-3dbc1fa elementor-widget elementor-widget-image\" data-id=\"3dbc1fa\" data-element_type=\"widget\" data-widget_type=\"image.default\">\n\t\t\t\t<div class=\"elementor-widget-container\">\n\t\t\t\t\t\t\t\t<div class=\"elementor-image\">\n\t\t\t\t\t\t\t\t\t\t\t\t<img loading=\"lazy\" decoding=\"async\" width=\"1024\" height=\"1024\" src=\"https:\/\/troyes-tos-triathlon.fr\/wp-content\/uploads\/2025\/01\/3-1024x1024.png\" class=\"attachment-large size-large\" alt=\"\" srcset=\"https:\/\/troyes-tos-triathlon.fr\/wp-content\/uploads\/2025\/01\/3-1024x1024.png 1024w, https:\/\/troyes-tos-triathlon.fr\/wp-content\/uploads\/2025\/01\/3-300x300.png 300w, https:\/\/troyes-tos-triathlon.fr\/wp-content\/uploads\/2025\/01\/3-150x150.png 150w, https:\/\/troyes-tos-triathlon.fr\/wp-content\/uploads\/2025\/01\/3-768x768.png 768w, https:\/\/troyes-tos-triathlon.fr\/wp-content\/uploads\/2025\/01\/3.png 1080w\" sizes=\"auto, (max-width: 1024px) 100vw, 1024px\" \/>\t\t\t\t\t\t\t\t\t\t\t\t\t\t<\/div>\n\t\t\t\t\t\t<\/div>\n\t\t\t\t<\/div>\n\t\t\t\t\t\t<\/div>\n\t\t\t\t\t<\/div>\n\t\t<\/div>\n\t\t\t\t<div class=\"elementor-column elementor-col-50 elementor-top-column elementor-element elementor-element-b6cc2ed\" data-id=\"b6cc2ed\" data-element_type=\"column\">\n\t\t\t<div class=\"elementor-column-wrap elementor-element-populated\">\n\t\t\t\t\t\t\t<div class=\"elementor-widget-wrap\">\n\t\t\t\t\t\t<div class=\"elementor-element elementor-element-c3813c9 elementor-widget elementor-widget-popularis-text-block\" data-id=\"c3813c9\" data-element_type=\"widget\" data-widget_type=\"popularis-text-block.default\">\n\t\t\t\t<div class=\"elementor-widget-container\">\n\t\t\t<div class=\"popularis_extra_adv_text_block \" ><div class=\"text-content-block\"><p>Le week-end, deux sorties v\u00e9lo en groupe sont organis\u00e9es, pour les cyclistes exp\u00e9riment\u00e9s. <strong>L<\/strong><strong>e samedi apr\u00e8s-midi, <\/strong>au d\u00e9part du rond-point de l\u2019UTT \u00e0 Rosi\u00e8res \u00e0 13h30. Et <strong>le dimanche matin, <\/strong>au d\u00e9part de la mairie de Rosi\u00e8res \u00e0 9h.\u00a0<\/p><\/div><\/div>\t\t<\/div>\n\t\t\t\t<\/div>\n\t\t\t\t\t\t<\/div>\n\t\t\t\t\t<\/div>\n\t\t<\/div>\n\t\t\t\t\t\t\t\t<\/div>\n\t\t\t\t\t<\/div>\n\t\t<\/section>\n\t\t\t\t<section class=\"elementor-section elementor-top-section elementor-element elementor-element-79d4a46 elementor-section-boxed elementor-section-height-default elementor-section-height-default\" data-id=\"79d4a46\" data-element_type=\"section\">\n\t\t\t\t\t\t<div class=\"elementor-container elementor-column-gap-default\">\n\t\t\t\t\t\t\t<div class=\"elementor-row\">\n\t\t\t\t\t<div class=\"elementor-column elementor-col-100 elementor-top-column elementor-element elementor-element-1864e34\" data-id=\"1864e34\" data-element_type=\"column\">\n\t\t\t<div class=\"elementor-column-wrap elementor-element-populated\">\n\t\t\t\t\t\t\t<div class=\"elementor-widget-wrap\">\n\t\t\t\t\t\t<div class=\"elementor-element elementor-element-a766af8 elementor-widget elementor-widget-heading\" data-id=\"a766af8\" data-element_type=\"widget\" data-widget_type=\"heading.default\">\n\t\t\t\t<div class=\"elementor-widget-container\">\n\t\t\t<h2 class=\"elementor-heading-title elementor-size-default\">COURSE \u00c0 PIEDS<\/h2>\t\t<\/div>\n\t\t\t\t<\/div>\n\t\t\t\t\t\t<\/div>\n\t\t\t\t\t<\/div>\n\t\t<\/div>\n\t\t\t\t\t\t\t\t<\/div>\n\t\t\t\t\t<\/div>\n\t\t<\/section>\n\t\t\t\t<section class=\"elementor-section elementor-top-section elementor-element elementor-element-040281a elementor-section-boxed elementor-section-height-default elementor-section-height-default\" data-id=\"040281a\" data-element_type=\"section\">\n\t\t\t\t\t\t<div class=\"elementor-container elementor-column-gap-default\">\n\t\t\t\t\t\t\t<div class=\"elementor-row\">\n\t\t\t\t\t<div class=\"elementor-column elementor-col-50 elementor-top-column elementor-element elementor-element-86d5c3a\" data-id=\"86d5c3a\" data-element_type=\"column\">\n\t\t\t<div class=\"elementor-column-wrap elementor-element-populated\">\n\t\t\t\t\t\t\t<div class=\"elementor-widget-wrap\">\n\t\t\t\t\t\t<div class=\"elementor-element elementor-element-75a725e elementor-widget elementor-widget-image\" data-id=\"75a725e\" data-element_type=\"widget\" data-widget_type=\"image.default\">\n\t\t\t\t<div class=\"elementor-widget-container\">\n\t\t\t\t\t\t\t\t<div class=\"elementor-image\">\n\t\t\t\t\t\t\t\t\t\t\t\t<img loading=\"lazy\" decoding=\"async\" width=\"1024\" height=\"1024\" src=\"https:\/\/troyes-tos-triathlon.fr\/wp-content\/uploads\/2025\/01\/1-1024x1024.png\" class=\"attachment-large size-large\" alt=\"\" srcset=\"https:\/\/troyes-tos-triathlon.fr\/wp-content\/uploads\/2025\/01\/1-1024x1024.png 1024w, https:\/\/troyes-tos-triathlon.fr\/wp-content\/uploads\/2025\/01\/1-300x300.png 300w, https:\/\/troyes-tos-triathlon.fr\/wp-content\/uploads\/2025\/01\/1-150x150.png 150w, https:\/\/troyes-tos-triathlon.fr\/wp-content\/uploads\/2025\/01\/1-768x768.png 768w, https:\/\/troyes-tos-triathlon.fr\/wp-content\/uploads\/2025\/01\/1.png 1080w\" sizes=\"auto, (max-width: 1024px) 100vw, 1024px\" \/>\t\t\t\t\t\t\t\t\t\t\t\t\t\t<\/div>\n\t\t\t\t\t\t<\/div>\n\t\t\t\t<\/div>\n\t\t\t\t\t\t<\/div>\n\t\t\t\t\t<\/div>\n\t\t<\/div>\n\t\t\t\t<div class=\"elementor-column elementor-col-50 elementor-top-column elementor-element elementor-element-51fcfd4\" data-id=\"51fcfd4\" data-element_type=\"column\">\n\t\t\t<div class=\"elementor-column-wrap elementor-element-populated\">\n\t\t\t\t\t\t\t<div class=\"elementor-widget-wrap\">\n\t\t\t\t\t\t<div class=\"elementor-element elementor-element-f27d75a elementor-widget elementor-widget-popularis-text-block\" data-id=\"f27d75a\" data-element_type=\"widget\" data-widget_type=\"popularis-text-block.default\">\n\t\t\t\t<div class=\"elementor-widget-container\">\n\t\t\t<div class=\"popularis_extra_adv_text_block \" ><div class=\"text-content-block\"><p>\u00a0<\/p><p><span style=\"font-weight: 400\">Chaque <strong>jeudi soir, de 18h45 \u00e0 20h,<\/strong> une s\u00e9ance d\u2019entra\u00eenement est organis\u00e9e <strong>sur la piste d\u2019athl\u00e9tisme du Complexe sportif Henri Terr\u00e9 \u00e0 Troyes<\/strong>. Un rendez-vous incontournable et conviviale pour progresser en course \u00e0 pieds. Apr\u00e8s un \u00e9chauffement commun,\u00a0 chacun effectue \u00e0 son rythme la s\u00e9ance programm\u00e9e par notre coach b\u00e9n\u00e9vole pour travailler ; PMA, VMA ou endurance a\u00e9robie.\u00a0<\/span><\/p><\/div><\/div>\t\t<\/div>\n\t\t\t\t<\/div>\n\t\t\t\t\t\t<\/div>\n\t\t\t\t\t<\/div>\n\t\t<\/div>\n\t\t\t\t\t\t\t\t<\/div>\n\t\t\t\t\t<\/div>\n\t\t<\/section>\n\t\t\t\t<section class=\"elementor-section elementor-top-section elementor-element elementor-element-1ac8bbd elementor-section-boxed elementor-section-height-default elementor-section-height-default\" data-id=\"1ac8bbd\" data-element_type=\"section\">\n\t\t\t\t\t\t<div class=\"elementor-container elementor-column-gap-default\">\n\t\t\t\t\t\t\t<div class=\"elementor-row\">\n\t\t\t\t\t<div class=\"elementor-column elementor-col-100 elementor-top-column elementor-element elementor-element-7903857\" data-id=\"7903857\" data-element_type=\"column\">\n\t\t\t<div class=\"elementor-column-wrap elementor-element-populated\">\n\t\t\t\t\t\t\t<div class=\"elementor-widget-wrap\">\n\t\t\t\t\t\t<div class=\"elementor-element elementor-element-60342c9 elementor-widget elementor-widget-spacer\" data-id=\"60342c9\" data-element_type=\"widget\" data-widget_type=\"spacer.default\">\n\t\t\t\t<div class=\"elementor-widget-container\">\n\t\t\t\t\t<div class=\"elementor-spacer\">\n\t\t\t<div class=\"elementor-spacer-inner\"><\/div>\n\t\t<\/div>\n\t\t\t\t<\/div>\n\t\t\t\t<\/div>\n\t\t\t\t\t\t<\/div>\n\t\t\t\t\t<\/div>\n\t\t<\/div>\n\t\t\t\t\t\t\t\t<\/div>\n\t\t\t\t\t<\/div>\n\t\t<\/section>\n\t\t\t\t\t\t\t\t\t<\/div>\n\t\t\t<\/div>\n\t\t\t\t\t<\/div>\n\t\t","protected":false},"excerpt":{"rendered":"<p>Faire partie d\u2019un club, c&#8217;est aussi partager des moments conviviales en s&#8217;entra\u00eenant en groupe. Le TOS TRIATHLON propose plusieurs s\u00e9ances d&#8217;entra\u00eenement encadr\u00e9es tout au long &hellip;<\/p>\n","protected":false},"author":1,"featured_media":2510,"parent":0,"menu_order":0,"comment_status":"closed","ping_status":"closed","template":"","meta":{"footnotes":""},"class_list":["post-2503","page","type-page","status-publish","has-post-thumbnail","hentry"],"_links":{"self":[{"href":"https:\/\/troyes-tos-triathlon.fr\/index.php?rest_route=\/wp\/v2\/pages\/2503","targetHints":{"allow":["GET"]}}],"collection":[{"href":"https:\/\/troyes-tos-triathlon.fr\/index.php?rest_route=\/wp\/v2\/pages"}],"about":[{"href":"https:\/\/troyes-tos-triathlon.fr\/index.php?rest_route=\/wp\/v2\/types\/page"}],"author":[{"embeddable":true,"href":"https:\/\/troyes-tos-triathlon.fr\/index.php?rest_route=\/wp\/v2\/users\/1"}],"replies":[{"embeddable":true,"href":"https:\/\/troyes-tos-triathlon.fr\/index.php?rest_route=%2Fwp%2Fv2%2Fcomments&post=2503"}],"version-history":[{"count":50,"href":"https:\/\/troyes-tos-triathlon.fr\/index.php?rest_route=\/wp\/v2\/pages\/2503\/revisions"}],"predecessor-version":[{"id":2664,"href":"https:\/\/troyes-tos-triathlon.fr\/index.php?rest_route=\/wp\/v2\/pages\/2503\/revisions\/2664"}],"wp:featuredmedia":[{"embeddable":true,"href":"https:\/\/troyes-tos-triathlon.fr\/index.php?rest_route=\/wp\/v2\/media\/2510"}],"wp:attachment":[{"href":"https:\/\/troyes-tos-triathlon.fr\/index.php?rest_route=%2Fwp%2Fv2%2Fmedia&parent=2503"}],"curies":[{"name":"wp","href":"https:\/\/api.w.org\/{rel}","templated":true}]}}