{"id":1858,"date":"2024-11-08T13:48:10","date_gmt":"2024-11-08T12:48:10","guid":{"rendered":"https:\/\/troyes-tos-triathlon.fr\/?page_id=1858"},"modified":"2025-12-03T19:01:43","modified_gmt":"2025-12-03T18:01:43","slug":"horaires","status":"publish","type":"page","link":"https:\/\/troyes-tos-triathlon.fr\/?page_id=1858","title":{"rendered":"Programme"},"content":{"rendered":"\t\t<div data-elementor-type=\"wp-page\" data-elementor-id=\"1858\" class=\"elementor elementor-1858\">\n\t\t\t\t\t\t<div class=\"elementor-inner\">\n\t\t\t\t<div class=\"elementor-section-wrap\">\n\t\t\t\t\t\t\t\t\t<section class=\"elementor-section elementor-top-section elementor-element elementor-element-0c3586b elementor-section-boxed elementor-section-height-default elementor-section-height-default\" data-id=\"0c3586b\" data-element_type=\"section\">\n\t\t\t\t\t\t<div class=\"elementor-container elementor-column-gap-default\">\n\t\t\t\t\t\t\t<div class=\"elementor-row\">\n\t\t\t\t\t<div class=\"elementor-column elementor-col-100 elementor-top-column elementor-element elementor-element-87d69fd\" data-id=\"87d69fd\" data-element_type=\"column\">\n\t\t\t<div class=\"elementor-column-wrap elementor-element-populated\">\n\t\t\t\t\t\t\t<div class=\"elementor-widget-wrap\">\n\t\t\t\t\t\t<div class=\"elementor-element elementor-element-ee3c19a elementor-widget elementor-widget-popularis-text-block\" data-id=\"ee3c19a\" data-element_type=\"widget\" data-widget_type=\"popularis-text-block.default\">\n\t\t\t\t<div class=\"elementor-widget-container\">\n\t\t\t<div class=\"popularis_extra_adv_text_block \" ><div class=\"text-content-block\"><p style=\"text-align: center\">Retrouvez ici toute la programmation du Triathlon des Lacs. <br \/>Veillez \u00e0 respecter les horaires indiqu\u00e9es pour garantir le bon d\u00e9roulement de nos \u00e9preuves.\u00a0<\/p><\/div><\/div>\t\t<\/div>\n\t\t\t\t<\/div>\n\t\t\t\t\t\t<\/div>\n\t\t\t\t\t<\/div>\n\t\t<\/div>\n\t\t\t\t\t\t\t\t<\/div>\n\t\t\t\t\t<\/div>\n\t\t<\/section>\n\t\t\t\t<section class=\"elementor-section elementor-top-section elementor-element elementor-element-b37d752 elementor-section-boxed elementor-section-height-default elementor-section-height-default\" data-id=\"b37d752\" data-element_type=\"section\">\n\t\t\t\t\t\t<div class=\"elementor-container elementor-column-gap-default\">\n\t\t\t\t\t\t\t<div class=\"elementor-row\">\n\t\t\t\t\t<div class=\"elementor-column elementor-col-100 elementor-top-column elementor-element elementor-element-ab26060\" data-id=\"ab26060\" data-element_type=\"column\">\n\t\t\t<div class=\"elementor-column-wrap elementor-element-populated\">\n\t\t\t\t\t\t\t<div class=\"elementor-widget-wrap\">\n\t\t\t\t\t\t<div class=\"elementor-element elementor-element-3bf3226 elementor-widget-divider--view-line elementor-widget elementor-widget-divider\" data-id=\"3bf3226\" data-element_type=\"widget\" data-widget_type=\"divider.default\">\n\t\t\t\t<div class=\"elementor-widget-container\">\n\t\t\t\t\t<div class=\"elementor-divider\">\n\t\t\t<span class=\"elementor-divider-separator\">\n\t\t\t\t\t\t<\/span>\n\t\t<\/div>\n\t\t\t\t<\/div>\n\t\t\t\t<\/div>\n\t\t\t\t<div class=\"elementor-element elementor-element-3019965 elementor-widget elementor-widget-heading\" data-id=\"3019965\" data-element_type=\"widget\" data-widget_type=\"heading.default\">\n\t\t\t\t<div class=\"elementor-widget-container\">\n\t\t\t<h2 class=\"elementor-heading-title elementor-size-default\">Samedi  6 Juin 2026<\/h2>\t\t<\/div>\n\t\t\t\t<\/div>\n\t\t\t\t\t\t<\/div>\n\t\t\t\t\t<\/div>\n\t\t<\/div>\n\t\t\t\t\t\t\t\t<\/div>\n\t\t\t\t\t<\/div>\n\t\t<\/section>\n\t\t\t\t<section class=\"elementor-section elementor-top-section elementor-element elementor-element-a8e5634 elementor-section-boxed elementor-section-height-default elementor-section-height-default\" data-id=\"a8e5634\" data-element_type=\"section\">\n\t\t\t\t\t\t<div class=\"elementor-container elementor-column-gap-default\">\n\t\t\t\t\t\t\t<div class=\"elementor-row\">\n\t\t\t\t\t<div class=\"elementor-column elementor-col-100 elementor-top-column elementor-element elementor-element-83b14d1\" data-id=\"83b14d1\" data-element_type=\"column\">\n\t\t\t<div class=\"elementor-column-wrap elementor-element-populated\">\n\t\t\t\t\t\t\t<div class=\"elementor-widget-wrap\">\n\t\t\t\t\t\t<div class=\"elementor-element elementor-element-81f98b3 elementor-widget elementor-widget-toggle\" data-id=\"81f98b3\" data-element_type=\"widget\" data-widget_type=\"toggle.default\">\n\t\t\t\t<div class=\"elementor-widget-container\">\n\t\t\t\t\t<div class=\"elementor-toggle\" role=\"tablist\">\n\t\t\t\t\t\t\t<div class=\"elementor-toggle-item\">\n\t\t\t\t\t<div id=\"elementor-tab-title-1361\" class=\"elementor-tab-title\" data-tab=\"1\" role=\"tab\" aria-controls=\"elementor-tab-content-1361\" aria-expanded=\"false\">\n\t\t\t\t\t\t\t\t\t\t\t\t<span class=\"elementor-toggle-icon elementor-toggle-icon-left\" aria-hidden=\"true\">\n\t\t\t\t\t\t\t\t\t\t\t\t\t\t\t<span class=\"elementor-toggle-icon-closed\"><i class=\"fas fa-caret-right\"><\/i><\/span>\n\t\t\t\t\t\t\t\t<span class=\"elementor-toggle-icon-opened\"><i class=\"elementor-toggle-icon-opened fas fa-caret-up\"><\/i><\/span>\n\t\t\t\t\t\t\t\t\t\t\t\t\t<\/span>\n\t\t\t\t\t\t\t\t\t\t\t\t<a href=\"\" class=\"elementor-toggle-title\">JEUNE 1 - JEUNE 2 - XS<\/a>\n\t\t\t\t\t<\/div>\n\n\t\t\t\t\t<div id=\"elementor-tab-content-1361\" class=\"elementor-tab-content elementor-clearfix\" data-tab=\"1\" role=\"tabpanel\" aria-labelledby=\"elementor-tab-title-1361\"><ul><li><strong>8H30 &#8211; 10h<\/strong>\u00a0: Retrait des dossards <span style=\"text-decoration: underline;\">pour les 3 courses<\/span><\/li><li><strong>8h30 &#8211; 10h15<\/strong> : Ouverture de la zone de transition <span style=\"text-decoration: underline;\">pour les 3 courses<\/span><\/li><li><strong>10h15<\/strong> : Briefing des <span style=\"text-decoration: underline;\">3 courses<\/span><\/li><li><strong>10h30<\/strong> : D\u00e9part de la course Jeune 1<\/li><li><strong>11h00<\/strong> : D\u00e9part de la course Jeune 2<\/li><li><strong>11h45<\/strong> : D\u00e9part de la course XS<\/li><li><strong>12h30 &#8211; 13h30<\/strong> : Retrait des v\u00e9los <span style=\"text-decoration: underline;\">des 3 courses<\/span><\/li><li><strong>13h30<\/strong> : Remise des prix<\/li><\/ul><\/div>\n\t\t\t\t<\/div>\n\t\t\t\t\t\t\t<div class=\"elementor-toggle-item\">\n\t\t\t\t\t<div id=\"elementor-tab-title-1362\" class=\"elementor-tab-title\" data-tab=\"2\" role=\"tab\" aria-controls=\"elementor-tab-content-1362\" aria-expanded=\"false\">\n\t\t\t\t\t\t\t\t\t\t\t\t<span class=\"elementor-toggle-icon elementor-toggle-icon-left\" aria-hidden=\"true\">\n\t\t\t\t\t\t\t\t\t\t\t\t\t\t\t<span class=\"elementor-toggle-icon-closed\"><i class=\"fas fa-caret-right\"><\/i><\/span>\n\t\t\t\t\t\t\t\t<span class=\"elementor-toggle-icon-opened\"><i class=\"elementor-toggle-icon-opened fas fa-caret-up\"><\/i><\/span>\n\t\t\t\t\t\t\t\t\t\t\t\t\t<\/span>\n\t\t\t\t\t\t\t\t\t\t\t\t<a href=\"\" class=\"elementor-toggle-title\">SPRINT<\/a>\n\t\t\t\t\t<\/div>\n\n\t\t\t\t\t<div id=\"elementor-tab-content-1362\" class=\"elementor-tab-content elementor-clearfix\" data-tab=\"2\" role=\"tabpanel\" aria-labelledby=\"elementor-tab-title-1362\"><ul><li><strong>8h30 &#8211; 14h30<\/strong> : Retrait des dossards<\/li><li><strong>14h &#8211; 15h15<\/strong> : Ouverture de la zone de transition<\/li><li><strong>15h15<\/strong>\u00a0: Briefing de course<\/li><li><strong>15h30<\/strong> : D\u00e9part de la course SPRINT &#8211; <span style=\"text-decoration: underline;\">INDIVIDUEL<\/span> (mass-start : femmes et hommes)\u00a0<\/li><li><strong>15h40<\/strong> : D\u00e9part de la course SPRINT &#8211; <span style=\"text-decoration: underline;\">RELAIS<\/span> ( mass-start : femmes et hommes)<\/li><li><strong>17h30 &#8211; 18h<\/strong> : Retrait des v\u00e9los<\/li><li><strong>18h00<\/strong> : Remise des prix<\/li><\/ul><\/div>\n\t\t\t\t<\/div>\n\t\t\t\t\t\t\t\t<\/div>\n\t\t\t\t<\/div>\n\t\t\t\t<\/div>\n\t\t\t\t\t\t<\/div>\n\t\t\t\t\t<\/div>\n\t\t<\/div>\n\t\t\t\t\t\t\t\t<\/div>\n\t\t\t\t\t<\/div>\n\t\t<\/section>\n\t\t\t\t<section class=\"elementor-section elementor-top-section elementor-element elementor-element-37e7de3 elementor-section-boxed elementor-section-height-default elementor-section-height-default\" data-id=\"37e7de3\" data-element_type=\"section\">\n\t\t\t\t\t\t<div class=\"elementor-container elementor-column-gap-default\">\n\t\t\t\t\t\t\t<div class=\"elementor-row\">\n\t\t\t\t\t<div class=\"elementor-column elementor-col-100 elementor-top-column elementor-element elementor-element-265f08d\" data-id=\"265f08d\" data-element_type=\"column\">\n\t\t\t<div class=\"elementor-column-wrap elementor-element-populated\">\n\t\t\t\t\t\t\t<div class=\"elementor-widget-wrap\">\n\t\t\t\t\t\t<div class=\"elementor-element elementor-element-c4a007a elementor-widget-divider--view-line elementor-widget elementor-widget-divider\" data-id=\"c4a007a\" data-element_type=\"widget\" data-widget_type=\"divider.default\">\n\t\t\t\t<div class=\"elementor-widget-container\">\n\t\t\t\t\t<div class=\"elementor-divider\">\n\t\t\t<span class=\"elementor-divider-separator\">\n\t\t\t\t\t\t<\/span>\n\t\t<\/div>\n\t\t\t\t<\/div>\n\t\t\t\t<\/div>\n\t\t\t\t<div class=\"elementor-element elementor-element-247c3f8 elementor-widget elementor-widget-heading\" data-id=\"247c3f8\" data-element_type=\"widget\" data-widget_type=\"heading.default\">\n\t\t\t\t<div class=\"elementor-widget-container\">\n\t\t\t<h2 class=\"elementor-heading-title elementor-size-default\">Dimanche 7 Juin 2026<\/h2>\t\t<\/div>\n\t\t\t\t<\/div>\n\t\t\t\t\t\t<\/div>\n\t\t\t\t\t<\/div>\n\t\t<\/div>\n\t\t\t\t\t\t\t\t<\/div>\n\t\t\t\t\t<\/div>\n\t\t<\/section>\n\t\t\t\t<section class=\"elementor-section elementor-top-section elementor-element elementor-element-38ad31c elementor-section-boxed elementor-section-height-default elementor-section-height-default\" data-id=\"38ad31c\" data-element_type=\"section\">\n\t\t\t\t\t\t<div class=\"elementor-container elementor-column-gap-default\">\n\t\t\t\t\t\t\t<div class=\"elementor-row\">\n\t\t\t\t\t<div class=\"elementor-column elementor-col-100 elementor-top-column elementor-element elementor-element-327a982\" data-id=\"327a982\" data-element_type=\"column\">\n\t\t\t<div class=\"elementor-column-wrap elementor-element-populated\">\n\t\t\t\t\t\t\t<div class=\"elementor-widget-wrap\">\n\t\t\t\t\t\t<div class=\"elementor-element elementor-element-4f43ac8 elementor-widget elementor-widget-toggle\" data-id=\"4f43ac8\" data-element_type=\"widget\" data-widget_type=\"toggle.default\">\n\t\t\t\t<div class=\"elementor-widget-container\">\n\t\t\t\t\t<div class=\"elementor-toggle\" role=\"tablist\">\n\t\t\t\t\t\t\t<div class=\"elementor-toggle-item\">\n\t\t\t\t\t<div id=\"elementor-tab-title-8311\" class=\"elementor-tab-title\" data-tab=\"1\" role=\"tab\" aria-controls=\"elementor-tab-content-8311\" aria-expanded=\"false\">\n\t\t\t\t\t\t\t\t\t\t\t\t<span class=\"elementor-toggle-icon elementor-toggle-icon-left\" aria-hidden=\"true\">\n\t\t\t\t\t\t\t\t\t\t\t\t\t\t\t<span class=\"elementor-toggle-icon-closed\"><i class=\"fas fa-caret-right\"><\/i><\/span>\n\t\t\t\t\t\t\t\t<span class=\"elementor-toggle-icon-opened\"><i class=\"elementor-toggle-icon-opened fas fa-caret-up\"><\/i><\/span>\n\t\t\t\t\t\t\t\t\t\t\t\t\t<\/span>\n\t\t\t\t\t\t\t\t\t\t\t\t<a href=\"\" class=\"elementor-toggle-title\">HALF<\/a>\n\t\t\t\t\t<\/div>\n\n\t\t\t\t\t<div id=\"elementor-tab-content-8311\" class=\"elementor-tab-content elementor-clearfix\" data-tab=\"1\" role=\"tabpanel\" aria-labelledby=\"elementor-tab-title-8311\"><ul><li><strong>17h00 &#8211; 18h30 (samedi)<\/strong>\u00a0:\u00a0 Retrait des dossards<\/li><li><strong>8h &#8211; 9h30 (dimanche)<\/strong> : Retrait des dossards<\/li><li><strong>9h &#8211; 10h15<\/strong>\u00a0: Ouverture de la zone de transition<\/li><li><strong>10h15<\/strong> : Briefing de course\u00a0<\/li><li><strong>10h30<\/strong> : D\u00e9part de la course HALF (mass-start : hommes et femmes)<\/li><li><strong>10h40<\/strong> : D\u00e9part de la course HALF relais\u00a0<\/li><li><strong>15h30 &#8211; 18h<\/strong> : Retrait des v\u00e9los\u00a0<\/li><li><strong>17h00<\/strong> : Remise des prix<\/li><\/ul><\/div>\n\t\t\t\t<\/div>\n\t\t\t\t\t\t\t\t<\/div>\n\t\t\t\t<\/div>\n\t\t\t\t<\/div>\n\t\t\t\t\t\t<\/div>\n\t\t\t\t\t<\/div>\n\t\t<\/div>\n\t\t\t\t\t\t\t\t<\/div>\n\t\t\t\t\t<\/div>\n\t\t<\/section>\n\t\t\t\t<section class=\"elementor-section elementor-top-section elementor-element elementor-element-8f5cec7 elementor-section-boxed elementor-section-height-default elementor-section-height-default\" data-id=\"8f5cec7\" data-element_type=\"section\">\n\t\t\t\t\t\t<div class=\"elementor-container elementor-column-gap-default\">\n\t\t\t\t\t\t\t<div class=\"elementor-row\">\n\t\t\t\t\t<div class=\"elementor-column elementor-col-100 elementor-top-column elementor-element elementor-element-d9b13f0\" data-id=\"d9b13f0\" data-element_type=\"column\">\n\t\t\t<div class=\"elementor-column-wrap elementor-element-populated\">\n\t\t\t\t\t\t\t<div class=\"elementor-widget-wrap\">\n\t\t\t\t\t\t<div class=\"elementor-element elementor-element-48f881c elementor-widget elementor-widget-spacer\" data-id=\"48f881c\" data-element_type=\"widget\" data-widget_type=\"spacer.default\">\n\t\t\t\t<div class=\"elementor-widget-container\">\n\t\t\t\t\t<div class=\"elementor-spacer\">\n\t\t\t<div class=\"elementor-spacer-inner\"><\/div>\n\t\t<\/div>\n\t\t\t\t<\/div>\n\t\t\t\t<\/div>\n\t\t\t\t\t\t<\/div>\n\t\t\t\t\t<\/div>\n\t\t<\/div>\n\t\t\t\t\t\t\t\t<\/div>\n\t\t\t\t\t<\/div>\n\t\t<\/section>\n\t\t\t\t<section class=\"elementor-section elementor-top-section elementor-element elementor-element-da9e827 elementor-section-boxed elementor-section-height-default elementor-section-height-default\" data-id=\"da9e827\" data-element_type=\"section\">\n\t\t\t\t\t\t<div class=\"elementor-container elementor-column-gap-default\">\n\t\t\t\t\t\t\t<div class=\"elementor-row\">\n\t\t\t\t\t<div class=\"elementor-column elementor-col-33 elementor-top-column elementor-element elementor-element-73b9ac3\" data-id=\"73b9ac3\" data-element_type=\"column\">\n\t\t\t<div class=\"elementor-column-wrap elementor-element-populated\">\n\t\t\t\t\t\t\t<div class=\"elementor-widget-wrap\">\n\t\t\t\t\t\t<div class=\"elementor-element elementor-element-cecbb45 elementor-widget elementor-widget-popularis-text-block\" data-id=\"cecbb45\" data-element_type=\"widget\" data-widget_type=\"popularis-text-block.default\">\n\t\t\t\t<div class=\"elementor-widget-container\">\n\t\t\t<div class=\"popularis_extra_adv_text_block \" ><div class=\"text-content-block\"><p>Besoin de plus d'informations ? <br \/>Rendez-vous sur notre FAQ pour trouver r\u00e9ponse \u00e0 votre question.\u00a0<\/p><\/div><\/div>\t\t<\/div>\n\t\t\t\t<\/div>\n\t\t\t\t\t\t<\/div>\n\t\t\t\t\t<\/div>\n\t\t<\/div>\n\t\t\t\t<div class=\"elementor-column elementor-col-66 elementor-top-column elementor-element elementor-element-d33a68f\" data-id=\"d33a68f\" data-element_type=\"column\">\n\t\t\t<div class=\"elementor-column-wrap elementor-element-populated\">\n\t\t\t\t\t\t\t<div class=\"elementor-widget-wrap\">\n\t\t\t\t\t\t<div class=\"elementor-element elementor-element-0e93586 elementor-align-center elementor-widget elementor-widget-button\" data-id=\"0e93586\" data-element_type=\"widget\" data-widget_type=\"button.default\">\n\t\t\t\t<div class=\"elementor-widget-container\">\n\t\t\t\t\t<div class=\"elementor-button-wrapper\">\n\t\t\t<a href=\"https:\/\/troyes-tos-triathlon.fr\/?page_id=1886\" class=\"elementor-button-link elementor-button elementor-size-sm\" role=\"button\">\n\t\t\t\t\t\t<span class=\"elementor-button-content-wrapper\">\n\t\t\t\t\t\t<span class=\"elementor-button-text\">FAQ<\/span>\n\t\t<\/span>\n\t\t\t\t\t<\/a>\n\t\t<\/div>\n\t\t\t\t<\/div>\n\t\t\t\t<\/div>\n\t\t\t\t\t\t<\/div>\n\t\t\t\t\t<\/div>\n\t\t<\/div>\n\t\t\t\t\t\t\t\t<\/div>\n\t\t\t\t\t<\/div>\n\t\t<\/section>\n\t\t\t\t\t\t\t\t\t<\/div>\n\t\t\t<\/div>\n\t\t\t\t\t<\/div>\n\t\t","protected":false},"excerpt":{"rendered":"<p>Retrouvez ici toute la programmation du Triathlon des Lacs. Veillez \u00e0 respecter les horaires indiqu\u00e9es pour garantir le bon d\u00e9roulement de nos \u00e9preuves.\u00a0 Samedi 6 &hellip;<\/p>\n","protected":false},"author":1,"featured_media":0,"parent":0,"menu_order":0,"comment_status":"closed","ping_status":"closed","template":"","meta":{"footnotes":""},"class_list":["post-1858","page","type-page","status-publish","hentry"],"_links":{"self":[{"href":"https:\/\/troyes-tos-triathlon.fr\/index.php?rest_route=\/wp\/v2\/pages\/1858","targetHints":{"allow":["GET"]}}],"collection":[{"href":"https:\/\/troyes-tos-triathlon.fr\/index.php?rest_route=\/wp\/v2\/pages"}],"about":[{"href":"https:\/\/troyes-tos-triathlon.fr\/index.php?rest_route=\/wp\/v2\/types\/page"}],"author":[{"embeddable":true,"href":"https:\/\/troyes-tos-triathlon.fr\/index.php?rest_route=\/wp\/v2\/users\/1"}],"replies":[{"embeddable":true,"href":"https:\/\/troyes-tos-triathlon.fr\/index.php?rest_route=%2Fwp%2Fv2%2Fcomments&post=1858"}],"version-history":[{"count":53,"href":"https:\/\/troyes-tos-triathlon.fr\/index.php?rest_route=\/wp\/v2\/pages\/1858\/revisions"}],"predecessor-version":[{"id":3104,"href":"https:\/\/troyes-tos-triathlon.fr\/index.php?rest_route=\/wp\/v2\/pages\/1858\/revisions\/3104"}],"wp:attachment":[{"href":"https:\/\/troyes-tos-triathlon.fr\/index.php?rest_route=%2Fwp%2Fv2%2Fmedia&parent=1858"}],"curies":[{"name":"wp","href":"https:\/\/api.w.org\/{rel}","templated":true}]}}